{"id":16,"date":"2020-11-16T22:04:17","date_gmt":"2020-11-16T22:04:17","guid":{"rendered":"http:\/\/guisodeli.com\/?page_id=16"},"modified":"2020-12-17T18:22:46","modified_gmt":"2020-12-17T18:22:46","slug":"se-distribuidor","status":"publish","type":"page","link":"https:\/\/guisodeli.com\/index.php\/se-distribuidor\/","title":{"rendered":"Se Distribuidor"},"content":{"rendered":"<p>[et_pb_section fb_built=&#8221;1&#8243; fullwidth=&#8221;on&#8221; _builder_version=&#8221;4.2.2&#8243; da_disable_devices=&#8221;off|off|off&#8221; da_is_popup=&#8221;off&#8221; da_exit_intent=&#8221;off&#8221; da_has_close=&#8221;on&#8221; da_alt_close=&#8221;off&#8221; da_dark_close=&#8221;off&#8221; da_not_modal=&#8221;on&#8221; da_is_singular=&#8221;off&#8221; da_with_loader=&#8221;off&#8221; da_has_shadow=&#8221;on&#8221;][et_pb_fullwidth_image src=&#8221;https:\/\/guisodeli.com\/wp-content\/uploads\/2020\/12\/Distribuidores_091220_2100x740.jpg&#8221; _builder_version=&#8221;4.2.2&#8243;][\/et_pb_fullwidth_image][\/et_pb_section][et_pb_section fb_built=&#8221;1&#8243; _builder_version=&#8221;4.2.2&#8243; custom_padding=&#8221;0px||1px|||&#8221; da_disable_devices=&#8221;off|off|off&#8221; da_is_popup=&#8221;off&#8221; da_exit_intent=&#8221;off&#8221; da_has_close=&#8221;on&#8221; da_alt_close=&#8221;off&#8221; da_dark_close=&#8221;off&#8221; da_not_modal=&#8221;on&#8221; da_is_singular=&#8221;off&#8221; da_with_loader=&#8221;off&#8221; da_has_shadow=&#8221;on&#8221;][et_pb_row column_structure=&#8221;1_2,1_2&#8243; _builder_version=&#8221;4.2.2&#8243;][et_pb_column type=&#8221;1_2&#8243; _builder_version=&#8221;4.2.2&#8243;][et_pb_text _builder_version=&#8221;4.2.2&#8243; text_font=&#8221;Cabin||||||||&#8221; text_text_color=&#8221;rgba(85,101,112,0.8)&#8221; text_font_size=&#8221;16px&#8221; text_line_height=&#8221;1.8em&#8221; header_font=&#8221;Playfair Display|700|||||||&#8221; header_text_color=&#8221;#002d4c&#8221; header_font_size=&#8221;66px&#8221; header_line_height=&#8221;1.1em&#8221; header_3_font=&#8221;Cabin|700||on|||||&#8221; header_3_text_color=&#8221;#bd8f52&#8243; header_3_font_size=&#8221;13px&#8221; header_3_letter_spacing=&#8221;3px&#8221; header_3_line_height=&#8221;1.4em&#8221; max_width=&#8221;36vw&#8221; max_width_tablet=&#8221;90%&#8221; max_width_phone=&#8221;100%&#8221; max_width_last_edited=&#8221;on|tablet&#8221; custom_margin=&#8221;||||false|false&#8221; text_font_size_tablet=&#8221;15px&#8221; text_font_size_phone=&#8221;14px&#8221; text_font_size_last_edited=&#8221;on|phone&#8221; header_font_size_tablet=&#8221;52px&#8221; header_font_size_phone=&#8221;38px&#8221; header_font_size_last_edited=&#8221;on|desktop&#8221; locked=&#8221;off&#8221;]<\/p>\n<h3><\/h3>\n<h3><span style=\"color: #808080;\">GUISO DELI<\/span><\/h3>\n<h1><span style=\"color: #709e5e;\">Se\u00a0<\/span><\/h1>\n<h1><span style=\"color: #709e5e;\">Distribuidor<\/span><\/h1>\n<p>\u00bfTe gustar\u00eda formar parte de la <strong>Familia Guiso Deli<\/strong> y distribuir nuestros productos?<br \/> Comp\u00e1rtenos tus datos y un asesor te contactar\u00e1:<\/p>\n<p>[\/et_pb_text][\/et_pb_column][et_pb_column type=&#8221;1_2&#8243; _builder_version=&#8221;4.2.2&#8243;][\/et_pb_column][\/et_pb_row][\/et_pb_section][et_pb_section fb_built=&#8221;1&#8243; admin_label=&#8221;Menu&#8221; _builder_version=&#8221;4.2.2&#8243; background_color=&#8221;rgba(85,101,112,0.08)&#8221; background_image=&#8221;https:\/\/guisodeli.com\/wp-content\/uploads\/2020\/11\/bistro-03.png&#8221; background_size=&#8221;contain&#8221; background_position=&#8221;top_center&#8221; custom_margin=&#8221;-2px|||||&#8221; custom_padding=&#8221;0px|||||&#8221; animation_style=&#8221;bounce&#8221; da_disable_devices=&#8221;off|off|off&#8221; border_color_all=&#8221;rgba(0,0,0,0)&#8221; locked=&#8221;off&#8221; da_is_popup=&#8221;off&#8221; da_exit_intent=&#8221;off&#8221; da_has_close=&#8221;on&#8221; da_alt_close=&#8221;off&#8221; da_dark_close=&#8221;off&#8221; da_not_modal=&#8221;on&#8221; da_is_singular=&#8221;off&#8221; da_with_loader=&#8221;off&#8221; da_has_shadow=&#8221;on&#8221;][et_pb_row _builder_version=&#8221;4.0.7&#8243;][et_pb_column type=&#8221;4_4&#8243; _builder_version=&#8221;4.0.7&#8243;][et_pb_text _builder_version=&#8221;4.2.2&#8243; text_font=&#8221;Cabin||||||||&#8221; text_text_color=&#8221;rgba(85,101,112,0.8)&#8221; text_font_size=&#8221;16px&#8221; text_line_height=&#8221;1.8em&#8221; header_2_font=&#8221;Playfair Display|700|||||||&#8221; header_2_text_color=&#8221;#002d4c&#8221; header_2_font_size=&#8221;56px&#8221; header_2_line_height=&#8221;1.1em&#8221; header_3_font=&#8221;Cabin|700||on|||||&#8221; header_3_text_color=&#8221;#bd8f52&#8243; header_3_font_size=&#8221;13px&#8221; header_3_letter_spacing=&#8221;3px&#8221; header_3_line_height=&#8221;1.4em&#8221; text_orientation=&#8221;center&#8221; max_width_tablet=&#8221;90%&#8221; max_width_phone=&#8221;100%&#8221; max_width_last_edited=&#8221;off|desktop&#8221; custom_margin=&#8221;||||false|false&#8221; text_font_size_tablet=&#8221;15px&#8221; text_font_size_phone=&#8221;14px&#8221; text_font_size_last_edited=&#8221;on|phone&#8221; header_2_font_size_tablet=&#8221;44px&#8221; header_2_font_size_phone=&#8221;32px&#8221; header_2_font_size_last_edited=&#8221;on|tablet&#8221; locked=&#8221;off&#8221; header_2_2_font_size_phone=&#8221;32px&#8221; header_3_2_font_size_phone=&#8221;32px&#8221; header_4_2_font_size_phone=&#8221;32px&#8221; header_5_2_font_size_phone=&#8221;32px&#8221; header_6_2_font_size_phone=&#8221;32px&#8221; header_2_2_font_size_tablet=&#8221;44px&#8221; header_3_2_font_size_tablet=&#8221;44px&#8221; header_4_2_font_size_tablet=&#8221;44px&#8221; header_5_2_font_size_tablet=&#8221;44px&#8221; header_6_2_font_size_tablet=&#8221;44px&#8221; header_2_2_font_size_last_edited=&#8221;on|tablet&#8221; header_3_2_font_size_last_edited=&#8221;on|tablet&#8221; header_4_2_font_size_last_edited=&#8221;on|tablet&#8221; header_5_2_font_size_last_edited=&#8221;on|tablet&#8221; header_6_2_font_size_last_edited=&#8221;on|tablet&#8221;]<\/p>\n<h3><\/h3>\n<h2><span style=\"color: #709e5e;\">Formulario<\/span><\/h2>\n<p>[\/et_pb_text][\/et_pb_column][\/et_pb_row][et_pb_row _builder_version=&#8221;4.2.2&#8243;][et_pb_column type=&#8221;4_4&#8243; _builder_version=&#8221;4.2.2&#8243;][et_pb_contact_form captcha=&#8221;off&#8221; email=&#8221;formulario@guisodeli.com&#8221; title=&#8221;LLENE DE MANERA SENCILLA Y CLARA&#8221; custom_message=&#8221;Nombre: %%Name%%||et_pb_line_break_holder||Correo Electr\u00f3nico: %%Email%%||et_pb_line_break_holder||Celular: %%Phone%%||et_pb_line_break_holder||RFC Persona F\u00edsica o moral: %%RFC%%||et_pb_line_break_holder||Direcci\u00f3n: %%Adress%%||et_pb_line_break_holder||Actividad principal: %%Activity%%||et_pb_line_break_holder||Tipo de venta: %%Sale_type%%||et_pb_line_break_holder||\u00bfComo se enter\u00f3?: %%merchandising01%%||et_pb_line_break_holder||\u00bfComo distribuye?: %%merchandising02%%||et_pb_line_break_holder||Redes Sociales: %%merchandising%%&#8221; success_message=&#8221;Gracias por enviar su informaci\u00f3n, a la brevedad nos comunicaremos contigo&#8221; submit_button_text=&#8221;Enviar datos&#8221; _builder_version=&#8221;4.2.2&#8243; form_field_background_color=&#8221;#ffffff&#8221; form_field_text_color=&#8221;#0c71c3&#8243; form_field_focus_background_color=&#8221;#ffffff&#8221; title_font=&#8221;Alegreya Sans|500|||||||&#8221; title_text_color=&#8221;#709e5e&#8221; form_field_font=&#8221;Alata||||||||&#8221; custom_button=&#8221;on&#8221; button_text_size=&#8221;19px&#8221; button_text_color=&#8221;#ffffff&#8221; button_bg_color=&#8221;#709e5e&#8221; button_border_radius=&#8221;0px&#8221; button_custom_margin=&#8221;|0px|0px||false|false&#8221; button_custom_padding=&#8221;2px||||false|false&#8221; text_orientation=&#8221;justified&#8221;][et_pb_contact_field field_id=&#8221;Name&#8221; field_title=&#8221;Nombre&#8221; _builder_version=&#8221;4.2.2&#8243; button_text_size__hover_enabled=&#8221;off&#8221; button_one_text_size__hover_enabled=&#8221;off&#8221; button_two_text_size__hover_enabled=&#8221;off&#8221; button_text_color__hover_enabled=&#8221;off&#8221; button_one_text_color__hover_enabled=&#8221;off&#8221; button_two_text_color__hover_enabled=&#8221;off&#8221; button_border_width__hover_enabled=&#8221;off&#8221; button_one_border_width__hover_enabled=&#8221;off&#8221; button_two_border_width__hover_enabled=&#8221;off&#8221; button_border_color__hover_enabled=&#8221;off&#8221; button_one_border_color__hover_enabled=&#8221;off&#8221; button_two_border_color__hover_enabled=&#8221;off&#8221; button_border_radius__hover_enabled=&#8221;off&#8221; button_one_border_radius__hover_enabled=&#8221;off&#8221; button_two_border_radius__hover_enabled=&#8221;off&#8221; button_letter_spacing__hover_enabled=&#8221;off&#8221; button_one_letter_spacing__hover_enabled=&#8221;off&#8221; button_two_letter_spacing__hover_enabled=&#8221;off&#8221; button_bg_color__hover_enabled=&#8221;off&#8221; button_one_bg_color__hover_enabled=&#8221;off&#8221; button_two_bg_color__hover_enabled=&#8221;off&#8221;][\/et_pb_contact_field][et_pb_contact_field field_id=&#8221;Email&#8221; field_title=&#8221;Correo Electr\u00f3nico &#8221; field_type=&#8221;email&#8221; _builder_version=&#8221;4.2.2&#8243; button_text_size__hover_enabled=&#8221;off&#8221; button_one_text_size__hover_enabled=&#8221;off&#8221; button_two_text_size__hover_enabled=&#8221;off&#8221; button_text_color__hover_enabled=&#8221;off&#8221; button_one_text_color__hover_enabled=&#8221;off&#8221; button_two_text_color__hover_enabled=&#8221;off&#8221; button_border_width__hover_enabled=&#8221;off&#8221; button_one_border_width__hover_enabled=&#8221;off&#8221; button_two_border_width__hover_enabled=&#8221;off&#8221; button_border_color__hover_enabled=&#8221;off&#8221; button_one_border_color__hover_enabled=&#8221;off&#8221; button_two_border_color__hover_enabled=&#8221;off&#8221; button_border_radius__hover_enabled=&#8221;off&#8221; button_one_border_radius__hover_enabled=&#8221;off&#8221; button_two_border_radius__hover_enabled=&#8221;off&#8221; button_letter_spacing__hover_enabled=&#8221;off&#8221; button_one_letter_spacing__hover_enabled=&#8221;off&#8221; button_two_letter_spacing__hover_enabled=&#8221;off&#8221; button_bg_color__hover_enabled=&#8221;off&#8221; button_one_bg_color__hover_enabled=&#8221;off&#8221; button_two_bg_color__hover_enabled=&#8221;off&#8221;][\/et_pb_contact_field][et_pb_contact_field field_id=&#8221;Phone&#8221; field_title=&#8221;N\u00famero Telef\u00f3nico&#8221; required_mark=&#8221;off&#8221; fullwidth_field=&#8221;on&#8221; _builder_version=&#8221;4.2.2&#8243;][\/et_pb_contact_field][et_pb_contact_field field_id=&#8221;RFC&#8221; field_title=&#8221;RFC (Persona f\u00edsica o moral)&#8221; fullwidth_field=&#8221;on&#8221; _builder_version=&#8221;4.2.2&#8243;][\/et_pb_contact_field][et_pb_contact_field field_id=&#8221;Adress&#8221; field_title=&#8221;Direcci\u00f3n (Colonia\/Municipio\/Estado\/C\u00f3digo Postal)&#8221; fullwidth_field=&#8221;on&#8221; _builder_version=&#8221;4.2.2&#8243;][\/et_pb_contact_field][et_pb_contact_field field_id=&#8221;Activity&#8221; field_title=&#8221;Actividad principal\/Giro del negocio&#8221; fullwidth_field=&#8221;on&#8221; _builder_version=&#8221;4.2.2&#8243;][\/et_pb_contact_field][et_pb_contact_field field_id=&#8221;Sale_type&#8221; field_title=&#8221;Tipo de venta (Mayorista\/Minorista\/Venta al p\u00fablico)&#8221; fullwidth_field=&#8221;on&#8221; _builder_version=&#8221;4.2.2&#8243;][\/et_pb_contact_field][et_pb_contact_field field_id=&#8221;merchandising01&#8243; field_title=&#8221;\u00bfComo se entero de nuestros productos?&#8221; fullwidth_field=&#8221;on&#8221; _builder_version=&#8221;4.2.2&#8243;][\/et_pb_contact_field][et_pb_contact_field field_id=&#8221;merchandising02&#8243; field_title=&#8221;\u00bfComo distribuye actualmente sus productos?&#8221; fullwidth_field=&#8221;on&#8221; _builder_version=&#8221;4.2.2&#8243;][\/et_pb_contact_field][et_pb_contact_field field_id=&#8221;merchandising&#8221; field_title=&#8221;\u00bfCuenta con redes sociales?  Mencione cuales son&#8221; fullwidth_field=&#8221;on&#8221; _builder_version=&#8221;4.2.2&#8243;][\/et_pb_contact_field][\/et_pb_contact_form][\/et_pb_column][\/et_pb_row][\/et_pb_section][et_pb_section fb_built=&#8221;1&#8243; specialty=&#8221;on&#8221; padding_top_bottom_link_1=&#8221;false&#8221; padding_left_right_link_1=&#8221;false&#8221; padding_top_1=&#8221;0px&#8221; admin_label=&#8221;Footer&#8221; _builder_version=&#8221;4.2.2&#8243; background_color=&#8221;#000000&#8243; width=&#8221;100%&#8221; width_last_edited=&#8221;off|phone&#8221; module_alignment=&#8221;right&#8221; custom_margin=&#8221;-49px||52px|16px|false|false&#8221; custom_padding=&#8221;|89px||0px||&#8221; da_disable_devices=&#8221;off|off|off&#8221; global_module=&#8221;177&#8243; saved_tabs=&#8221;all&#8221; da_is_popup=&#8221;off&#8221; da_exit_intent=&#8221;off&#8221; da_has_close=&#8221;on&#8221; da_alt_close=&#8221;off&#8221; da_dark_close=&#8221;off&#8221; da_not_modal=&#8221;on&#8221; da_is_singular=&#8221;off&#8221; da_with_loader=&#8221;off&#8221; da_has_shadow=&#8221;on&#8221;][et_pb_column type=&#8221;1_2&#8243; _builder_version=&#8221;3.25&#8243; custom_padding=&#8221;|||&#8221; custom_padding__hover=&#8221;|||&#8221;][et_pb_text _builder_version=&#8221;4.2.2&#8243; text_font=&#8221;Cabin||||||||&#8221; text_font_size=&#8221;16px&#8221; text_line_height=&#8221;1.8em&#8221; header_2_font=&#8221;Playfair Display|700|||||||&#8221; header_2_font_size=&#8221;56px&#8221; header_2_line_height=&#8221;1.1em&#8221; header_3_font=&#8221;Cabin|700||on|||||&#8221; header_3_text_color=&#8221;#bd8f52&#8243; header_3_font_size=&#8221;13px&#8221; header_3_letter_spacing=&#8221;3px&#8221; header_3_line_height=&#8221;1.4em&#8221; background_layout=&#8221;dark&#8221; max_width=&#8221;500px&#8221; max_width_tablet=&#8221;90%&#8221; max_width_phone=&#8221;100%&#8221; max_width_last_edited=&#8221;off|desktop&#8221; custom_margin=&#8221;|0px|||false|false&#8221; text_font_size_tablet=&#8221;15px&#8221; text_font_size_phone=&#8221;14px&#8221; text_font_size_last_edited=&#8221;on|phone&#8221; header_2_font_size_tablet=&#8221;44px&#8221; header_2_font_size_phone=&#8221;32px&#8221; header_2_font_size_last_edited=&#8221;on|tablet&#8221; locked=&#8221;off&#8221; header_2_2_font_size_phone=&#8221;32px&#8221; header_3_2_font_size_phone=&#8221;32px&#8221; header_4_2_font_size_phone=&#8221;32px&#8221; header_5_2_font_size_phone=&#8221;32px&#8221; header_6_2_font_size_phone=&#8221;32px&#8221; header_2_2_font_size_tablet=&#8221;44px&#8221; header_3_2_font_size_tablet=&#8221;44px&#8221; header_4_2_font_size_tablet=&#8221;44px&#8221; header_5_2_font_size_tablet=&#8221;44px&#8221; header_6_2_font_size_tablet=&#8221;44px&#8221; header_2_2_font_size_last_edited=&#8221;on|tablet&#8221; header_3_2_font_size_last_edited=&#8221;on|tablet&#8221; header_4_2_font_size_last_edited=&#8221;on|tablet&#8221; header_5_2_font_size_last_edited=&#8221;on|tablet&#8221; header_6_2_font_size_last_edited=&#8221;on|tablet&#8221;]<\/p>\n<h3><\/h3>\n<h2>Guiso Deli<\/h2>\n<h3><span style=\"color: #ffffff;\">la cocina con sabor a m\u00e9xico s.a. de c.v.<\/span><\/h3>\n<p>[\/et_pb_text][et_pb_button button_url=&#8221;https:\/\/guisodeli.com\/wp-content\/uploads\/2020\/11\/avisodeprivacidad.pdf&#8221; url_new_window=&#8221;on&#8221; button_text=&#8221;Aviso de privacidad&#8221; _builder_version=&#8221;4.2.2&#8243; custom_button=&#8221;on&#8221; background_layout=&#8221;dark&#8221;][\/et_pb_button][et_pb_text _builder_version=&#8221;4.2.2&#8243; text_font=&#8221;ABeeZee||||||||&#8221;]<\/p>\n<h4><span style=\"color: #ffffff;\">Visita nuestra redes sociales<\/span><\/h4>\n<p>[\/et_pb_text][et_pb_social_media_follow _builder_version=&#8221;4.2.2&#8243; custom_margin=&#8221;|365px||||&#8221;][et_pb_social_media_follow_network social_network=&#8221;facebook&#8221; url=&#8221;https:\/\/www.facebook.com\/guisodeli\/&#8221; _builder_version=&#8221;4.2.2&#8243; background_color=&#8221;#3b5998&#8243; follow_button=&#8221;off&#8221; url_new_window=&#8221;on&#8221;]facebook[\/et_pb_social_media_follow_network][et_pb_social_media_follow_network social_network=&#8221;twitter&#8221; url=&#8221;https:\/\/twitter.com\/GuisoDeli&#8221; _builder_version=&#8221;4.2.2&#8243; background_color=&#8221;#00aced&#8221; follow_button=&#8221;off&#8221; url_new_window=&#8221;on&#8221;]twitter[\/et_pb_social_media_follow_network][et_pb_social_media_follow_network social_network=&#8221;instagram&#8221; url=&#8221;https:\/\/www.instagram.com\/guisodeli\/?hl=es-la&#8221; _builder_version=&#8221;4.2.2&#8243; background_color=&#8221;#ea2c59&#8243; follow_button=&#8221;off&#8221; url_new_window=&#8221;on&#8221;]instagram[\/et_pb_social_media_follow_network][\/et_pb_social_media_follow][\/et_pb_column][et_pb_column type=&#8221;1_2&#8243; specialty_columns=&#8221;2&#8243; _builder_version=&#8221;3.25&#8243; custom_padding=&#8221;|||&#8221; custom_padding__hover=&#8221;|||&#8221;][et_pb_row_inner _builder_version=&#8221;4.0.7&#8243;][et_pb_column_inner saved_specialty_column_type=&#8221;1_2&#8243; _builder_version=&#8221;4.0.7&#8243;][et_pb_blurb title=&#8221;Ll\u00e1manos &#8221; use_icon=&#8221;on&#8221; font_icon=&#8221;%%221%%&#8221; icon_color=&#8221;#ffffff&#8221; use_circle=&#8221;on&#8221; circle_color=&#8221;#0c71c3&#8243; icon_placement=&#8221;left&#8221; content_max_width=&#8221;1100px&#8221; _builder_version=&#8221;4.2.2&#8243; header_font=&#8221;Cabin|700||on|||||&#8221; header_text_color=&#8221;rgba(85,101,112,0.8)&#8221; header_font_size=&#8221;12px&#8221; header_letter_spacing=&#8221;2px&#8221; header_line_height=&#8221;1.4em&#8221; body_font=&#8221;Cabin|700|||||||&#8221; body_font_size=&#8221;16px&#8221; body_line_height=&#8221;1.3em&#8221; background_layout=&#8221;dark&#8221; custom_margin=&#8221;||||false|false&#8221; body_font_size_tablet=&#8221;15px&#8221; body_font_size_phone=&#8221;14px&#8221; body_font_size_last_edited=&#8221;off|desktop&#8221; locked=&#8221;off&#8221;]<\/p>\n<p>55 5113 2642 \/ 55 5113 2643<\/p>\n<p>[\/et_pb_blurb][et_pb_blurb title=&#8221;Visitanos&#8221; use_icon=&#8221;on&#8221; font_icon=&#8221;%%249%%&#8221; icon_color=&#8221;#ffffff&#8221; use_circle=&#8221;on&#8221; circle_color=&#8221;#0c71c3&#8243; icon_placement=&#8221;left&#8221; content_max_width=&#8221;1100px&#8221; _builder_version=&#8221;4.2.2&#8243; header_font=&#8221;Cabin|700||on|||||&#8221; header_text_color=&#8221;rgba(85,101,112,0.8)&#8221; header_font_size=&#8221;12px&#8221; header_letter_spacing=&#8221;2px&#8221; header_line_height=&#8221;1.4em&#8221; body_font=&#8221;Cabin|700|||||||&#8221; body_font_size=&#8221;16px&#8221; body_line_height=&#8221;1.3em&#8221; background_layout=&#8221;dark&#8221; custom_margin=&#8221;||||false|false&#8221; custom_padding=&#8221;||11px|||&#8221; body_font_size_tablet=&#8221;15px&#8221; body_font_size_phone=&#8221;14px&#8221; body_font_size_last_edited=&#8221;off|desktop&#8221; locked=&#8221;off&#8221;]<\/p>\n<p>Sierra Nevada 23, Parque Industrial Nezahualc\u00f3yotl 57819 Nezahualc\u00f3yotl, Estado de M\u00e9xico, M\u00e9xico<\/p>\n<p>[\/et_pb_blurb][et_pb_blurb title=&#8221;Ponte en contacto&#8221; use_icon=&#8221;on&#8221; font_icon=&#8221;%%238%%&#8221; icon_color=&#8221;#ffffff&#8221; use_circle=&#8221;on&#8221; circle_color=&#8221;#0c71c3&#8243; icon_placement=&#8221;left&#8221; content_max_width=&#8221;1100px&#8221; _builder_version=&#8221;4.2.2&#8243; header_font=&#8221;Cabin|700||on|||||&#8221; header_text_color=&#8221;rgba(85,101,112,0.8)&#8221; header_font_size=&#8221;12px&#8221; header_letter_spacing=&#8221;2px&#8221; header_line_height=&#8221;1.4em&#8221; body_font=&#8221;Cabin|700|||||||&#8221; body_font_size=&#8221;16px&#8221; body_line_height=&#8221;1.3em&#8221; background_layout=&#8221;dark&#8221; custom_margin=&#8221;||||false|false&#8221; body_font_size_tablet=&#8221;15px&#8221; body_font_size_phone=&#8221;14px&#8221; body_font_size_last_edited=&#8221;off|desktop&#8221; locked=&#8221;off&#8221;]<\/p>\n<p>contacto@guisodeli.com<\/p>\n<p>[\/et_pb_blurb][\/et_pb_column_inner][\/et_pb_row_inner][\/et_pb_column][\/et_pb_section]<\/p>\n","protected":false},"excerpt":{"rendered":"<p>GUISO DELI Se\u00a0 Distribuidor \u00bfTe gustar\u00eda formar parte de la Familia Guiso Deli y distribuir nuestros productos? Comp\u00e1rtenos tus datos y un asesor te contactar\u00e1: Formulario Guiso Deli la cocina con sabor a m\u00e9xico s.a. de c.v.Visita nuestra redes socialesfacebooktwitterinstagram55 5113 2642 \/ 55 5113 2643Sierra Nevada 23, Parque Industrial Nezahualc\u00f3yotl 57819 Nezahualc\u00f3yotl, Estado de [&hellip;]<\/p>\n","protected":false},"author":1,"featured_media":0,"parent":0,"menu_order":0,"comment_status":"closed","ping_status":"closed","template":"","meta":{"_et_pb_use_builder":"on","_et_pb_old_content":"<!-- wp:divi\/placeholder \/-->","_et_gb_content_width":"","footnotes":""},"class_list":["post-16","page","type-page","status-publish","hentry"],"yoast_head":"<!-- This site is optimized with the Yoast SEO plugin v17.9 - https:\/\/yoast.com\/wordpress\/plugins\/seo\/ -->\n<title>Se Distribuidor - Guiso Deli<\/title>\n<meta name=\"robots\" content=\"index, follow, max-snippet:-1, max-image-preview:large, max-video-preview:-1\" \/>\n<link rel=\"canonical\" href=\"https:\/\/guisodeli.com\/index.php\/se-distribuidor\/\" \/>\n<meta property=\"og:locale\" content=\"es_MX\" \/>\n<meta property=\"og:type\" content=\"article\" \/>\n<meta property=\"og:title\" content=\"Se Distribuidor - Guiso Deli\" \/>\n<meta property=\"og:description\" content=\"GUISO DELI Se\u00a0 Distribuidor \u00bfTe gustar\u00eda formar parte de la Familia Guiso Deli y distribuir nuestros productos? Comp\u00e1rtenos tus datos y un asesor te contactar\u00e1: Formulario Guiso Deli la cocina con sabor a m\u00e9xico s.a. de c.v.Visita nuestra redes socialesfacebooktwitterinstagram55 5113 2642 \/ 55 5113 2643Sierra Nevada 23, Parque Industrial Nezahualc\u00f3yotl 57819 Nezahualc\u00f3yotl, Estado de [&hellip;]\" \/>\n<meta property=\"og:url\" content=\"https:\/\/guisodeli.com\/index.php\/se-distribuidor\/\" \/>\n<meta property=\"og:site_name\" content=\"Guiso Deli\" \/>\n<meta property=\"article:modified_time\" content=\"2020-12-17T18:22:46+00:00\" \/>\n<meta name=\"twitter:card\" content=\"summary_large_image\" \/>\n<meta name=\"twitter:label1\" content=\"Tiempo de lectura\" \/>\n\t<meta name=\"twitter:data1\" content=\"11 minutos\" \/>\n<script type=\"application\/ld+json\" class=\"yoast-schema-graph\">{\"@context\":\"https:\/\/schema.org\",\"@graph\":[{\"@type\":\"WebSite\",\"@id\":\"https:\/\/guisodeli.com\/#website\",\"url\":\"https:\/\/guisodeli.com\/\",\"name\":\"Guiso Deli\",\"description\":\"Antojo Instant\\u00e1neo\",\"potentialAction\":[{\"@type\":\"SearchAction\",\"target\":{\"@type\":\"EntryPoint\",\"urlTemplate\":\"https:\/\/guisodeli.com\/?s={search_term_string}\"},\"query-input\":\"required name=search_term_string\"}],\"inLanguage\":\"es\"},{\"@type\":\"WebPage\",\"@id\":\"https:\/\/guisodeli.com\/index.php\/se-distribuidor\/#webpage\",\"url\":\"https:\/\/guisodeli.com\/index.php\/se-distribuidor\/\",\"name\":\"Se Distribuidor - Guiso Deli\",\"isPartOf\":{\"@id\":\"https:\/\/guisodeli.com\/#website\"},\"datePublished\":\"2020-11-16T22:04:17+00:00\",\"dateModified\":\"2020-12-17T18:22:46+00:00\",\"breadcrumb\":{\"@id\":\"https:\/\/guisodeli.com\/index.php\/se-distribuidor\/#breadcrumb\"},\"inLanguage\":\"es\",\"potentialAction\":[{\"@type\":\"ReadAction\",\"target\":[\"https:\/\/guisodeli.com\/index.php\/se-distribuidor\/\"]}]},{\"@type\":\"BreadcrumbList\",\"@id\":\"https:\/\/guisodeli.com\/index.php\/se-distribuidor\/#breadcrumb\",\"itemListElement\":[{\"@type\":\"ListItem\",\"position\":1,\"name\":\"Inicio\",\"item\":\"https:\/\/guisodeli.com\/\"},{\"@type\":\"ListItem\",\"position\":2,\"name\":\"Se Distribuidor\"}]}]}<\/script>\n<!-- \/ Yoast SEO plugin. -->","yoast_head_json":{"title":"Se Distribuidor - Guiso Deli","robots":{"index":"index","follow":"follow","max-snippet":"max-snippet:-1","max-image-preview":"max-image-preview:large","max-video-preview":"max-video-preview:-1"},"canonical":"https:\/\/guisodeli.com\/index.php\/se-distribuidor\/","og_locale":"es_MX","og_type":"article","og_title":"Se Distribuidor - Guiso Deli","og_description":"GUISO DELI Se\u00a0 Distribuidor \u00bfTe gustar\u00eda formar parte de la Familia Guiso Deli y distribuir nuestros productos? Comp\u00e1rtenos tus datos y un asesor te contactar\u00e1: Formulario Guiso Deli la cocina con sabor a m\u00e9xico s.a. de c.v.Visita nuestra redes socialesfacebooktwitterinstagram55 5113 2642 \/ 55 5113 2643Sierra Nevada 23, Parque Industrial Nezahualc\u00f3yotl 57819 Nezahualc\u00f3yotl, Estado de [&hellip;]","og_url":"https:\/\/guisodeli.com\/index.php\/se-distribuidor\/","og_site_name":"Guiso Deli","article_modified_time":"2020-12-17T18:22:46+00:00","twitter_card":"summary_large_image","twitter_misc":{"Tiempo de lectura":"11 minutos"},"schema":{"@context":"https:\/\/schema.org","@graph":[{"@type":"WebSite","@id":"https:\/\/guisodeli.com\/#website","url":"https:\/\/guisodeli.com\/","name":"Guiso Deli","description":"Antojo Instant\u00e1neo","potentialAction":[{"@type":"SearchAction","target":{"@type":"EntryPoint","urlTemplate":"https:\/\/guisodeli.com\/?s={search_term_string}"},"query-input":"required name=search_term_string"}],"inLanguage":"es"},{"@type":"WebPage","@id":"https:\/\/guisodeli.com\/index.php\/se-distribuidor\/#webpage","url":"https:\/\/guisodeli.com\/index.php\/se-distribuidor\/","name":"Se Distribuidor - Guiso Deli","isPartOf":{"@id":"https:\/\/guisodeli.com\/#website"},"datePublished":"2020-11-16T22:04:17+00:00","dateModified":"2020-12-17T18:22:46+00:00","breadcrumb":{"@id":"https:\/\/guisodeli.com\/index.php\/se-distribuidor\/#breadcrumb"},"inLanguage":"es","potentialAction":[{"@type":"ReadAction","target":["https:\/\/guisodeli.com\/index.php\/se-distribuidor\/"]}]},{"@type":"BreadcrumbList","@id":"https:\/\/guisodeli.com\/index.php\/se-distribuidor\/#breadcrumb","itemListElement":[{"@type":"ListItem","position":1,"name":"Inicio","item":"https:\/\/guisodeli.com\/"},{"@type":"ListItem","position":2,"name":"Se Distribuidor"}]}]}},"_links":{"self":[{"href":"https:\/\/guisodeli.com\/index.php\/wp-json\/wp\/v2\/pages\/16","targetHints":{"allow":["GET"]}}],"collection":[{"href":"https:\/\/guisodeli.com\/index.php\/wp-json\/wp\/v2\/pages"}],"about":[{"href":"https:\/\/guisodeli.com\/index.php\/wp-json\/wp\/v2\/types\/page"}],"author":[{"embeddable":true,"href":"https:\/\/guisodeli.com\/index.php\/wp-json\/wp\/v2\/users\/1"}],"replies":[{"embeddable":true,"href":"https:\/\/guisodeli.com\/index.php\/wp-json\/wp\/v2\/comments?post=16"}],"version-history":[{"count":24,"href":"https:\/\/guisodeli.com\/index.php\/wp-json\/wp\/v2\/pages\/16\/revisions"}],"predecessor-version":[{"id":659,"href":"https:\/\/guisodeli.com\/index.php\/wp-json\/wp\/v2\/pages\/16\/revisions\/659"}],"wp:attachment":[{"href":"https:\/\/guisodeli.com\/index.php\/wp-json\/wp\/v2\/media?parent=16"}],"curies":[{"name":"wp","href":"https:\/\/api.w.org\/{rel}","templated":true}]}}